{"id":24,"date":"2026-02-05T09:15:00","date_gmt":"2026-02-05T09:15:00","guid":{"rendered":"https:\/\/u888v30.net\/?page_id=24"},"modified":"2026-02-05T10:06:06","modified_gmt":"2026-02-05T10:06:06","slug":"trang-chu","status":"publish","type":"page","link":"https:\/\/u888v30.net\/","title":{"rendered":"Trang ch\u1ee7"},"content":{"rendered":"<div class=\"slider-wrapper relative\" id=\"slider-1835687849\" >\n    <div class=\"slider slider-nav-circle slider-nav-large slider-nav-light slider-style-normal\"\n        data-flickity-options='{\n            \"cellAlign\": \"center\",\n            \"imagesLoaded\": true,\n            \"lazyLoad\": 1,\n            \"freeScroll\": false,\n            \"wrapAround\": true,\n            \"autoPlay\": 1500,\n            \"pauseAutoPlayOnHover\" : true,\n            \"prevNextButtons\": true,\n            \"contain\" : true,\n            \"adaptiveHeight\" : true,\n            \"dragThreshold\" : 10,\n            \"percentPosition\": true,\n            \"pageDots\": true,\n            \"rightToLeft\": false,\n            \"draggable\": true,\n            \"selectedAttraction\": 0.1,\n            \"parallax\" : 0,\n            \"friction\": 0.6        }'\n        >\n        \n\t<div class=\"img has-hover x md-x lg-x y md-y lg-y\" id=\"image_698873764\">\n\t\t<a class=\"\" href=\"https:\/\/u888v30.net\/qc\/1\" target=\"_blank\" rel=\"noopener\" >\t\t\t\t\t\t<div class=\"img-inner dark\" >\n\t\t\t<img loading=\"lazy\" decoding=\"async\" width=\"1920\" height=\"560\" src=\"https:\/\/u888v30.net\/wp-content\/uploads\/2026\/02\/u888-lx.png\" class=\"attachment-original size-original\" alt=\"u888\" srcset=\"https:\/\/u888v30.net\/wp-content\/uploads\/2026\/02\/u888-lx.png 1920w, https:\/\/u888v30.net\/wp-content\/uploads\/2026\/02\/u888-lx-300x88.png 300w, https:\/\/u888v30.net\/wp-content\/uploads\/2026\/02\/u888-lx-1024x299.png 1024w, https:\/\/u888v30.net\/wp-content\/uploads\/2026\/02\/u888-lx-768x224.png 768w, https:\/\/u888v30.net\/wp-content\/uploads\/2026\/02\/u888-lx-1536x448.png 1536w\" sizes=\"auto, (max-width: 1920px) 100vw, 1920px\" \/>\t\t\t\t\t\t\n\t\t\t\t\t<\/div>\n\t\t\t\t\t\t<\/a>\t\t\n<style>\n#image_698873764 {\n  width: 100%;\n}\n<\/style>\n\t<\/div>\n\t\n\t<div class=\"img has-hover x md-x lg-x y md-y lg-y\" id=\"image_1535329658\">\n\t\t<a class=\"\" href=\"https:\/\/u888v30.net\/qc\/1\" target=\"_blank\" rel=\"noopener\" >\t\t\t\t\t\t<div class=\"img-inner dark\" >\n\t\t\t<img loading=\"lazy\" decoding=\"async\" width=\"1920\" height=\"560\" src=\"https:\/\/u888v30.net\/wp-content\/uploads\/2026\/02\/u888-nap50.png\" class=\"attachment-original size-original\" alt=\"u888\" srcset=\"https:\/\/u888v30.net\/wp-content\/uploads\/2026\/02\/u888-nap50.png 1920w, https:\/\/u888v30.net\/wp-content\/uploads\/2026\/02\/u888-nap50-300x88.png 300w, https:\/\/u888v30.net\/wp-content\/uploads\/2026\/02\/u888-nap50-1024x299.png 1024w, https:\/\/u888v30.net\/wp-content\/uploads\/2026\/02\/u888-nap50-768x224.png 768w, https:\/\/u888v30.net\/wp-content\/uploads\/2026\/02\/u888-nap50-1536x448.png 1536w\" sizes=\"auto, (max-width: 1920px) 100vw, 1920px\" \/>\t\t\t\t\t\t\n\t\t\t\t\t<\/div>\n\t\t\t\t\t\t<\/a>\t\t\n<style>\n#image_1535329658 {\n  width: 100%;\n}\n<\/style>\n\t<\/div>\n\t\n\t<div class=\"img has-hover x md-x lg-x y md-y lg-y\" id=\"image_748497959\">\n\t\t<a class=\"\" href=\"https:\/\/u888v30.net\/qc\/1\" target=\"_blank\" rel=\"noopener\" >\t\t\t\t\t\t<div class=\"img-inner dark\" >\n\t\t\t<img loading=\"lazy\" decoding=\"async\" width=\"1920\" height=\"560\" src=\"https:\/\/u888v30.net\/wp-content\/uploads\/2026\/02\/u888-vqmm.png\" class=\"attachment-original size-original\" alt=\"u888\" srcset=\"https:\/\/u888v30.net\/wp-content\/uploads\/2026\/02\/u888-vqmm.png 1920w, https:\/\/u888v30.net\/wp-content\/uploads\/2026\/02\/u888-vqmm-300x88.png 300w, https:\/\/u888v30.net\/wp-content\/uploads\/2026\/02\/u888-vqmm-1024x299.png 1024w, https:\/\/u888v30.net\/wp-content\/uploads\/2026\/02\/u888-vqmm-768x224.png 768w, https:\/\/u888v30.net\/wp-content\/uploads\/2026\/02\/u888-vqmm-1536x448.png 1536w\" sizes=\"auto, (max-width: 1920px) 100vw, 1920px\" \/>\t\t\t\t\t\t\n\t\t\t\t\t<\/div>\n\t\t\t\t\t\t<\/a>\t\t\n<style>\n#image_748497959 {\n  width: 100%;\n}\n<\/style>\n\t<\/div>\n\t\n\t<div class=\"img has-hover x md-x lg-x y md-y lg-y\" id=\"image_725199568\">\n\t\t<a class=\"\" href=\"https:\/\/u888v30.net\/qc\/1\" target=\"_blank\" rel=\"noopener\" >\t\t\t\t\t\t<div class=\"img-inner dark\" >\n\t\t\t<img loading=\"lazy\" decoding=\"async\" width=\"1920\" height=\"560\" src=\"https:\/\/u888v30.net\/wp-content\/uploads\/2026\/02\/u888-qua.png\" class=\"attachment-original size-original\" alt=\"u888\" srcset=\"https:\/\/u888v30.net\/wp-content\/uploads\/2026\/02\/u888-qua.png 1920w, https:\/\/u888v30.net\/wp-content\/uploads\/2026\/02\/u888-qua-300x88.png 300w, https:\/\/u888v30.net\/wp-content\/uploads\/2026\/02\/u888-qua-1024x299.png 1024w, https:\/\/u888v30.net\/wp-content\/uploads\/2026\/02\/u888-qua-768x224.png 768w, https:\/\/u888v30.net\/wp-content\/uploads\/2026\/02\/u888-qua-1536x448.png 1536w\" sizes=\"auto, (max-width: 1920px) 100vw, 1920px\" \/>\t\t\t\t\t\t\n\t\t\t\t\t<\/div>\n\t\t\t\t\t\t<\/a>\t\t\n<style>\n#image_725199568 {\n  width: 100%;\n}\n<\/style>\n\t<\/div>\n\t\n\t<div class=\"img has-hover x md-x lg-x y md-y lg-y\" id=\"image_376650605\">\n\t\t<a class=\"\" href=\"https:\/\/u888v30.net\/qc\/1\" target=\"_blank\" rel=\"noopener\" >\t\t\t\t\t\t<div class=\"img-inner dark\" >\n\t\t\t<img loading=\"lazy\" decoding=\"async\" width=\"1920\" height=\"560\" src=\"https:\/\/u888v30.net\/wp-content\/uploads\/2026\/02\/u888-santhuong.png\" class=\"attachment-original size-original\" alt=\"u888\" srcset=\"https:\/\/u888v30.net\/wp-content\/uploads\/2026\/02\/u888-santhuong.png 1920w, https:\/\/u888v30.net\/wp-content\/uploads\/2026\/02\/u888-santhuong-300x88.png 300w, https:\/\/u888v30.net\/wp-content\/uploads\/2026\/02\/u888-santhuong-1024x299.png 1024w, https:\/\/u888v30.net\/wp-content\/uploads\/2026\/02\/u888-santhuong-768x224.png 768w, https:\/\/u888v30.net\/wp-content\/uploads\/2026\/02\/u888-santhuong-1536x448.png 1536w\" sizes=\"auto, (max-width: 1920px) 100vw, 1920px\" \/>\t\t\t\t\t\t\n\t\t\t\t\t<\/div>\n\t\t\t\t\t\t<\/a>\t\t\n<style>\n#image_376650605 {\n  width: 100%;\n}\n<\/style>\n\t<\/div>\n\t\n     <\/div>\n\n     <div class=\"loading-spin dark large centered\"><\/div>\n\n\t<\/div>\n\n\n<div class=\"row\"  id=\"row-659919526\">\n\n\t<div id=\"col-1405513526\" class=\"col medium-3 small-6 large-3\"  >\n\t\t\t\t<div class=\"col-inner\"  >\n\t\t\t\n\t\t\t\n\t<div class=\"img has-hover x md-x lg-x y md-y lg-y\" id=\"image_1755992778\">\n\t\t<a class=\"\" href=\"https:\/\/u888v30.net\/qc\/1\" target=\"_blank\" rel=\"noopener\" >\t\t\t\t\t\t<div class=\"img-inner image-zoom dark\" >\n\t\t\t<img loading=\"lazy\" decoding=\"async\" width=\"450\" height=\"280\" src=\"https:\/\/u888v30.net\/wp-content\/uploads\/2026\/02\/banner-thuong-hieu-uy-tin.webp\" class=\"attachment-original size-original\" alt=\"u888\" srcset=\"https:\/\/u888v30.net\/wp-content\/uploads\/2026\/02\/banner-thuong-hieu-uy-tin.webp 450w, https:\/\/u888v30.net\/wp-content\/uploads\/2026\/02\/banner-thuong-hieu-uy-tin-300x187.webp 300w\" sizes=\"auto, (max-width: 450px) 100vw, 450px\" \/>\t\t\t\t\t\t\n\t\t\t\t\t<\/div>\n\t\t\t\t\t\t<\/a>\t\t\n<style>\n#image_1755992778 {\n  width: 100%;\n}\n<\/style>\n\t<\/div>\n\t\n\t\t<\/div>\n\t\t\t\t\t<\/div>\n\n\t\n\n\t<div id=\"col-1319561488\" class=\"col medium-3 small-6 large-3\"  >\n\t\t\t\t<div class=\"col-inner\"  >\n\t\t\t\n\t\t\t\n\t<div class=\"img has-hover x md-x lg-x y md-y lg-y\" id=\"image_669472721\">\n\t\t<a class=\"\" href=\"https:\/\/u888v30.net\/qc\/1\" target=\"_blank\" rel=\"noopener\" >\t\t\t\t\t\t<div class=\"img-inner image-zoom dark\" >\n\t\t\t<img loading=\"lazy\" decoding=\"async\" width=\"450\" height=\"280\" src=\"https:\/\/u888v30.net\/wp-content\/uploads\/2026\/02\/banner-an-toan-bao-mat.webp\" class=\"attachment-original size-original\" alt=\"u888\" srcset=\"https:\/\/u888v30.net\/wp-content\/uploads\/2026\/02\/banner-an-toan-bao-mat.webp 450w, https:\/\/u888v30.net\/wp-content\/uploads\/2026\/02\/banner-an-toan-bao-mat-300x187.webp 300w\" sizes=\"auto, (max-width: 450px) 100vw, 450px\" \/>\t\t\t\t\t\t\n\t\t\t\t\t<\/div>\n\t\t\t\t\t\t<\/a>\t\t\n<style>\n#image_669472721 {\n  width: 100%;\n}\n<\/style>\n\t<\/div>\n\t\n\t\t<\/div>\n\t\t\t\t\t<\/div>\n\n\t\n\n\t<div id=\"col-1570315474\" class=\"col medium-3 small-6 large-3\"  >\n\t\t\t\t<div class=\"col-inner\"  >\n\t\t\t\n\t\t\t\n\t<div class=\"img has-hover x md-x lg-x y md-y lg-y\" id=\"image_775649348\">\n\t\t<a class=\"\" href=\"https:\/\/u888v30.net\/qc\/1\" target=\"_blank\" rel=\"noopener\" >\t\t\t\t\t\t<div class=\"img-inner image-zoom dark\" >\n\t\t\t<img loading=\"lazy\" decoding=\"async\" width=\"450\" height=\"280\" src=\"https:\/\/u888v30.net\/wp-content\/uploads\/2026\/02\/banner-da-dang-tro-choi.webp\" class=\"attachment-original size-original\" alt=\"u888\" srcset=\"https:\/\/u888v30.net\/wp-content\/uploads\/2026\/02\/banner-da-dang-tro-choi.webp 450w, https:\/\/u888v30.net\/wp-content\/uploads\/2026\/02\/banner-da-dang-tro-choi-300x187.webp 300w\" sizes=\"auto, (max-width: 450px) 100vw, 450px\" \/>\t\t\t\t\t\t\n\t\t\t\t\t<\/div>\n\t\t\t\t\t\t<\/a>\t\t\n<style>\n#image_775649348 {\n  width: 100%;\n}\n<\/style>\n\t<\/div>\n\t\n\t\t<\/div>\n\t\t\t\t\t<\/div>\n\n\t\n\n\t<div id=\"col-1501054087\" class=\"col medium-3 small-6 large-3\"  >\n\t\t\t\t<div class=\"col-inner\"  >\n\t\t\t\n\t\t\t\n\t<div class=\"img has-hover x md-x lg-x y md-y lg-y\" id=\"image_2062097304\">\n\t\t<a class=\"\" href=\"https:\/\/u888v30.net\/qc\/1\" target=\"_blank\" rel=\"noopener\" >\t\t\t\t\t\t<div class=\"img-inner image-zoom dark\" >\n\t\t\t<img loading=\"lazy\" decoding=\"async\" width=\"450\" height=\"280\" src=\"https:\/\/u888v30.net\/wp-content\/uploads\/2026\/02\/banner-giao-dich-than-toc.webp\" class=\"attachment-original size-original\" alt=\"u888\" srcset=\"https:\/\/u888v30.net\/wp-content\/uploads\/2026\/02\/banner-giao-dich-than-toc.webp 450w, https:\/\/u888v30.net\/wp-content\/uploads\/2026\/02\/banner-giao-dich-than-toc-300x187.webp 300w\" sizes=\"auto, (max-width: 450px) 100vw, 450px\" \/>\t\t\t\t\t\t\n\t\t\t\t\t<\/div>\n\t\t\t\t\t\t<\/a>\t\t\n<style>\n#image_2062097304 {\n  width: 100%;\n}\n<\/style>\n\t<\/div>\n\t\n\t\t<\/div>\n\t\t\t\t\t<\/div>\n\n\t\n<\/div>\n<div class=\"row\"  id=\"row-1559096951\">\n\n\t<div id=\"col-1468318626\" class=\"col small-12 large-12\"  >\n\t\t\t\t<div class=\"col-inner\"  >\n\t\t\t\n\t\t\t\n\t<div id=\"text-2244262406\" class=\"text\">\n\t\t\n<h1 style=\"text-align: center;\"><span style=\"font-family: verdana, geneva, sans-serif; color: #ed1c24;\"><a style=\"color: #ed1c24;\" href=\"https:\/\/u8887.cyou\/\" target=\"_blank\" rel=\"noopener\">U888V30<\/a> &#8211; Link v\u00e0o nh\u00e0 c\u00e1i u888.com m\u1edbi nh\u1ea5t 2026 +88K Free<\/span><\/h1>\n<p><span style=\"font-family: verdana, geneva, sans-serif;\"><span style=\"color: #ed1c24;\"><a style=\"color: #ed1c24;\" href=\"https:\/\/u888v30.net\/\">U888V30<\/a> <\/span>l\u00e0 c\u1ed5ng game gi\u1ea3i tr\u00ed c\u00e1 c\u01b0\u1ee3c tr\u1ef1c tuy\u1ebfn h\u00e0ng \u0111\u1ea7u Vi\u1ec7t Nam l\u1eabn n\u01b0\u1edbc ngo\u00e0i, kh\u00f4ng ch\u1ec9 th\u1ebf u888 c\u00f2n mang \u0111\u1ebfn cho ng\u01b0\u1eddi ch\u01a1i r\u1ea5t nhi\u1ec1u tr\u00f2 ch\u01a1i c\u1ef1c hot, c\u00f3 t\u1ef7 l\u1ec7 th\u01b0\u1edfng c\u1ef1c kh\u1ee7ng, b\u00ean c\u1ea1nh \u0111\u00f3 l\u00e0 h\u00e0ng lo\u1ea1t ch\u01b0\u01a1ng tr\u00ecnh \u01b0u \u0111\u00e3i c\u00f3 gi\u00e1 tr\u1ecb h\u1ea5p d\u1eabn d\u00e0nh cho to\u00e0n b\u1ed9 h\u1ed9i vi\u00ean c\u00f3 t\u00e0i kho\u1ea3n \u0111\u0103ng k\u00fd h\u1ee3p l\u1ec7. Khi \u0111\u1ebfn v\u1edbi nh\u00e0 c\u00e1i u888v30 ng\u01b0\u1eddi ch\u01a1i s\u1ebd tr\u1ea3i nghi\u1ec7m \u0111\u01b0\u1ee3c s\u1ef1 h\u1ea5p d\u1eabn v\u00e0 t\u00ednh chuy\u00ean nghi\u1ec7p t\u1eeb c\u1ed5ng game.<\/span><\/p>\n<p><span style=\"font-family: verdana, geneva, sans-serif;\">V\u1edbi giao di\u1ec7n hi\u1ec7n \u0111\u1ea1i v\u00e0 b\u1ed1 c\u1ee5c g\u1ecdn g\u00e0ng gi\u00fap ng\u01b0\u1eddi ch\u01a1i d\u1ec5 d\u00e0ng thao t\u00e1c v\u00e0 t\u00ecm ki\u1ebfm. B\u1ea3o m\u1eadt ti\u00ean ti\u1ebfn v\u1edbi h\u1ec7 th\u1ed1ng m\u00e3 h\u00f3a v\u00e0 c\u00f4ng ngh\u1ec7 ssl 256-bit hi\u1ec7n \u0111\u1ea1i gi\u00fap h\u1ed9i vi\u00ean y\u00ean t\u00e2m gi\u1ea3i tr\u00ed m\u00e0 kh\u00f4ng r\u00f2 r\u1ec9 hay hacker x\u00e2m nh\u1eadp.<\/span><\/p>\n<p><span style=\"font-family: verdana, geneva, sans-serif;\">H\u1ec7 th\u1ed1ng truy c\u1eadp U888V30\u00a0t\u1ed1c \u0111\u1ed9 d\u00f9ng m\u01b0\u1ee3t m\u00e0 t\u1eeb trang ch\u1ee7 ho\u1eb7c t\u1ea3i app t\u01b0\u01a1ng th\u00edch v\u1edbi m\u1ecdi thi\u1ebft b\u1ecb t\u1eeb android , ios v\u00e0 pc \u0111\u1ec3 ng\u01b0\u1eddi d\u00f9ng c\u00f3 th\u1ec3 tr\u1ea3i nghi\u1ec7m m\u01b0\u1ee3t m\u00e0 kh\u00f4ng lo gi\u1eadt lag trong b\u1ea5t c\u1ee9 th\u1eddi gian n\u00e0o .<\/span><\/p>\n<p><span style=\"font-family: verdana, geneva, sans-serif;\">Ti\u1ebfp \u0111\u00f3 kh\u00f4ng th\u1ec3 b\u1ea3o kho game c\u1ee7a u888v30 nh\u01b0: th\u1ec3 thao, casino live, mini game, b\u1eafn c\u00e1, n\u1ed5 h\u1ee7, \u0111\u00e1 g\u00e0 v\u00e0 x\u1ed5 s\u1ed1 \u0111\u00e1p \u1ee9ng m\u1ecdi nhu c\u1ea7u gi\u1ea3i tr\u00ed hi\u1ec7n \u0111\u1ea1i. Tham gia ngay c\u00f9ng u888 chinh ph\u1ee5c c\u00e1c t\u1ef1a game v\u00e0 ring c\u00e1c ph\u1ea7n th\u01b0\u1edfng c\u1ef1c kh\u1ee7ng v\u1ec1 tay.\u00a0<\/span><\/p>\n<p><span style=\"font-family: verdana, geneva, sans-serif;\">V\u1edbi u888, m\u1ecdi tr\u1ea3i nghi\u1ec7m \u0111\u1ec1u minh b\u1ea1ch, c\u00f4ng b\u1eb1ng tuy\u1ec7t \u0111\u1ed1i. H\u1ec7 th\u1ed1ng v\u1eadn h\u00e0nh \u1ed5n \u0111\u1ecbnh, kh\u00f4ng can thi\u1ec7p k\u1ebft qu\u1ea3, tr\u1ea3 th\u01b0\u1edfng nhanh \u2013 \u0111\u00fang \u2013 \u0111\u1ee7, \u0111\u1ea3m b\u1ea3o an to\u00e0n cho m\u1ecdi giao d\u1ecbch v\u00e0 tr\u00f2 ch\u01a1i.<\/span><\/p>\n<p><span style=\"font-family: verdana, geneva, sans-serif;\">Tr\u1ea3i nghi\u1ec7m ngay t\u1ea1i link ch\u00ednh th\u1ee9c: t\u1ea1i trang ch\u1ee7 v\u00e0 nh\u1eadn\u00a0th\u01b0\u1edfng ch\u00e0o m\u1eebng l\u00ean \u0111\u1ebfn 88K khi \u0111\u0103ng k\u00fd l\u1ea7n \u0111\u1ea7u. B\u1eaft \u0111\u1ea7u h\u00e0nh tr\u00ecnh gi\u1ea3i tr\u00ed \u0111\u1ec9nh cao, n\u01a1i may m\u1eafn v\u00e0 c\u01a1 h\u1ed9i th\u1eafng l\u1edbn lu\u00f4n ch\u1edd \u0111\u00f3n b\u1ea1n!<\/span><\/p>\n<p data-start=\"1556\" data-end=\"1743\">\t\t\n<style>\n#text-2244262406 {\n  color: rgb(0,0,0);\n}\n#text-2244262406 > * {\n  color: rgb(0,0,0);\n}\n<\/style>\n\t<\/div>\n\t\n\t\t<\/div>\n\t\t\t\t\t<\/div>\n\n\t\n<\/div>\n<div class=\"container section-title-container\" ><h2 class=\"section-title section-title-center\"><b><\/b><span class=\"section-title-main\" style=\"color:rgb(0, 0, 0);\">C\u00e1c ch\u01b0\u01a1ng tr\u00ecnh khuy\u1ebfn m\u00e3i si\u00eau h\u1ea5p d\u1eabn<\/span><b><\/b><\/h2><\/div>\n<div class=\"row row-dashed\"  id=\"row-1176406676\">\n\n\t<div id=\"col-859782648\" class=\"col medium-4 small-12 large-4\"  >\n\t\t\t\t<div class=\"col-inner\"  >\n\t\t\t\n\t\t\t\n\t<div class=\"img has-hover x md-x lg-x y md-y lg-y\" id=\"image_1660388965\">\n\t\t<a class=\"\" href=\"https:\/\/u888v30.net\/qc\/2\" target=\"_blank\" rel=\"noopener\">\t\t\t\t\t\t<div class=\"img-inner dark\" >\n\t\t\t<img loading=\"lazy\" decoding=\"async\" width=\"1080\" height=\"372\" src=\"https:\/\/u888v30.net\/wp-content\/uploads\/2026\/02\/u888-dk.jpg\" class=\"attachment-original size-original\" alt=\"u888\" srcset=\"https:\/\/u888v30.net\/wp-content\/uploads\/2026\/02\/u888-dk.jpg 1080w, https:\/\/u888v30.net\/wp-content\/uploads\/2026\/02\/u888-dk-300x103.jpg 300w, https:\/\/u888v30.net\/wp-content\/uploads\/2026\/02\/u888-dk-1024x353.jpg 1024w, https:\/\/u888v30.net\/wp-content\/uploads\/2026\/02\/u888-dk-768x265.jpg 768w\" sizes=\"auto, (max-width: 1080px) 100vw, 1080px\" \/>\t\t\t\t\t\t\n\t\t\t\t\t<\/div>\n\t\t\t\t\t\t<\/a>\t\t\n<style>\n#image_1660388965 {\n  width: 100%;\n}\n<\/style>\n\t<\/div>\n\t\n\t\t<\/div>\n\t\t\t\t\t<\/div>\n\n\t\n\n\t<div id=\"col-1826810039\" class=\"col medium-4 small-12 large-4\"  >\n\t\t\t\t<div class=\"col-inner\"  >\n\t\t\t\n\t\t\t\n\t<div class=\"img has-hover x md-x lg-x y md-y lg-y\" id=\"image_2016908280\">\n\t\t<a class=\"\" href=\"https:\/\/u888v30.net\/qc\/2\" target=\"_blank\" rel=\"noopener\">\t\t\t\t\t\t<div class=\"img-inner dark\" >\n\t\t\t<img loading=\"lazy\" decoding=\"async\" width=\"1080\" height=\"372\" src=\"https:\/\/u888v30.net\/wp-content\/uploads\/2026\/02\/u888-hoan.png\" class=\"attachment-original size-original\" alt=\"u888\" srcset=\"https:\/\/u888v30.net\/wp-content\/uploads\/2026\/02\/u888-hoan.png 1080w, https:\/\/u888v30.net\/wp-content\/uploads\/2026\/02\/u888-hoan-300x103.png 300w, https:\/\/u888v30.net\/wp-content\/uploads\/2026\/02\/u888-hoan-1024x353.png 1024w, https:\/\/u888v30.net\/wp-content\/uploads\/2026\/02\/u888-hoan-768x265.png 768w\" sizes=\"auto, (max-width: 1080px) 100vw, 1080px\" \/>\t\t\t\t\t\t\n\t\t\t\t\t<\/div>\n\t\t\t\t\t\t<\/a>\t\t\n<style>\n#image_2016908280 {\n  width: 100%;\n}\n<\/style>\n\t<\/div>\n\t\n\t\t<\/div>\n\t\t\t\t\t<\/div>\n\n\t\n\n\t<div id=\"col-561695238\" class=\"col medium-4 small-12 large-4\"  >\n\t\t\t\t<div class=\"col-inner\"  >\n\t\t\t\n\t\t\t\n\t<div class=\"img has-hover x md-x lg-x y md-y lg-y\" id=\"image_552221325\">\n\t\t<a class=\"\" href=\"https:\/\/u888v30.net\/qc\/2\" target=\"_blank\" rel=\"noopener\">\t\t\t\t\t\t<div class=\"img-inner dark\" >\n\t\t\t<img loading=\"lazy\" decoding=\"async\" width=\"1080\" height=\"372\" src=\"https:\/\/u888v30.net\/wp-content\/uploads\/2026\/02\/u888-vip.png\" class=\"attachment-original size-original\" alt=\"u888\" srcset=\"https:\/\/u888v30.net\/wp-content\/uploads\/2026\/02\/u888-vip.png 1080w, https:\/\/u888v30.net\/wp-content\/uploads\/2026\/02\/u888-vip-300x103.png 300w, https:\/\/u888v30.net\/wp-content\/uploads\/2026\/02\/u888-vip-1024x353.png 1024w, https:\/\/u888v30.net\/wp-content\/uploads\/2026\/02\/u888-vip-768x265.png 768w\" sizes=\"auto, (max-width: 1080px) 100vw, 1080px\" \/>\t\t\t\t\t\t\n\t\t\t\t\t<\/div>\n\t\t\t\t\t\t<\/a>\t\t\n<style>\n#image_552221325 {\n  width: 100%;\n}\n<\/style>\n\t<\/div>\n\t\n\t\t<\/div>\n\t\t\t\t\t<\/div>\n\n\t\n\n\t<div id=\"col-1575942761\" class=\"col medium-4 small-12 large-4\"  >\n\t\t\t\t<div class=\"col-inner\"  >\n\t\t\t\n\t\t\t\n\t<div class=\"img has-hover x md-x lg-x y md-y lg-y\" id=\"image_1990425006\">\n\t\t<a class=\"\" href=\"https:\/\/u888v30.net\/qc\/2\" target=\"_blank\" rel=\"noopener\">\t\t\t\t\t\t<div class=\"img-inner dark\" >\n\t\t\t<img loading=\"lazy\" decoding=\"async\" width=\"1080\" height=\"372\" src=\"https:\/\/u888v30.net\/wp-content\/uploads\/2026\/02\/u888-gt.png\" class=\"attachment-original size-original\" alt=\"u888\" srcset=\"https:\/\/u888v30.net\/wp-content\/uploads\/2026\/02\/u888-gt.png 1080w, https:\/\/u888v30.net\/wp-content\/uploads\/2026\/02\/u888-gt-300x103.png 300w, https:\/\/u888v30.net\/wp-content\/uploads\/2026\/02\/u888-gt-1024x353.png 1024w, https:\/\/u888v30.net\/wp-content\/uploads\/2026\/02\/u888-gt-768x265.png 768w\" sizes=\"auto, (max-width: 1080px) 100vw, 1080px\" \/>\t\t\t\t\t\t\n\t\t\t\t\t<\/div>\n\t\t\t\t\t\t<\/a>\t\t\n<style>\n#image_1990425006 {\n  width: 100%;\n}\n<\/style>\n\t<\/div>\n\t\n\t\t<\/div>\n\t\t\t\t\t<\/div>\n\n\t\n\n\t<div id=\"col-609608955\" class=\"col medium-4 small-12 large-4\"  >\n\t\t\t\t<div class=\"col-inner\"  >\n\t\t\t\n\t\t\t\n\t<div class=\"img has-hover x md-x lg-x y md-y lg-y\" id=\"image_1987032651\">\n\t\t<a class=\"\" href=\"https:\/\/u888v30.net\/qc\/2\" target=\"_blank\" rel=\"noopener\">\t\t\t\t\t\t<div class=\"img-inner dark\" >\n\t\t\t<img loading=\"lazy\" decoding=\"async\" width=\"1080\" height=\"372\" src=\"https:\/\/u888v30.net\/wp-content\/uploads\/2026\/02\/u888-tbm.png\" class=\"attachment-original size-original\" alt=\"u888\" srcset=\"https:\/\/u888v30.net\/wp-content\/uploads\/2026\/02\/u888-tbm.png 1080w, https:\/\/u888v30.net\/wp-content\/uploads\/2026\/02\/u888-tbm-300x103.png 300w, https:\/\/u888v30.net\/wp-content\/uploads\/2026\/02\/u888-tbm-1024x353.png 1024w, https:\/\/u888v30.net\/wp-content\/uploads\/2026\/02\/u888-tbm-768x265.png 768w\" sizes=\"auto, (max-width: 1080px) 100vw, 1080px\" \/>\t\t\t\t\t\t\n\t\t\t\t\t<\/div>\n\t\t\t\t\t\t<\/a>\t\t\n<style>\n#image_1987032651 {\n  width: 100%;\n}\n<\/style>\n\t<\/div>\n\t\n\t\t<\/div>\n\t\t\t\t\t<\/div>\n\n\t\n\n\t<div id=\"col-557794898\" class=\"col medium-4 small-12 large-4\"  >\n\t\t\t\t<div class=\"col-inner\"  >\n\t\t\t\n\t\t\t\n\t<div class=\"img has-hover x md-x lg-x y md-y lg-y\" id=\"image_1411747934\">\n\t\t<a class=\"\" href=\"https:\/\/u888v30.net\/qc\/2\" target=\"_blank\" rel=\"noopener\">\t\t\t\t\t\t<div class=\"img-inner dark\" >\n\t\t\t<img loading=\"lazy\" decoding=\"async\" width=\"1078\" height=\"369\" src=\"https:\/\/u888v30.net\/wp-content\/uploads\/2026\/02\/u888-kn.png\" class=\"attachment-original size-original\" alt=\"u888\" srcset=\"https:\/\/u888v30.net\/wp-content\/uploads\/2026\/02\/u888-kn.png 1078w, https:\/\/u888v30.net\/wp-content\/uploads\/2026\/02\/u888-kn-300x103.png 300w, https:\/\/u888v30.net\/wp-content\/uploads\/2026\/02\/u888-kn-1024x351.png 1024w, https:\/\/u888v30.net\/wp-content\/uploads\/2026\/02\/u888-kn-768x263.png 768w\" sizes=\"auto, (max-width: 1078px) 100vw, 1078px\" \/>\t\t\t\t\t\t\n\t\t\t\t\t<\/div>\n\t\t\t\t\t\t<\/a>\t\t\n<style>\n#image_1411747934 {\n  width: 100%;\n}\n<\/style>\n\t<\/div>\n\t\n\t\t<\/div>\n\t\t\t\t\t<\/div>\n\n\t\n<\/div>\n","protected":false},"excerpt":{"rendered":"","protected":false},"author":1,"featured_media":6,"parent":0,"menu_order":0,"comment_status":"closed","ping_status":"closed","template":"","meta":{"footnotes":""},"class_list":["post-24","page","type-page","status-publish","has-post-thumbnail","hentry"],"_links":{"self":[{"href":"https:\/\/u888v30.net\/index.php?rest_route=\/wp\/v2\/pages\/24","targetHints":{"allow":["GET"]}}],"collection":[{"href":"https:\/\/u888v30.net\/index.php?rest_route=\/wp\/v2\/pages"}],"about":[{"href":"https:\/\/u888v30.net\/index.php?rest_route=\/wp\/v2\/types\/page"}],"author":[{"embeddable":true,"href":"https:\/\/u888v30.net\/index.php?rest_route=\/wp\/v2\/users\/1"}],"replies":[{"embeddable":true,"href":"https:\/\/u888v30.net\/index.php?rest_route=%2Fwp%2Fv2%2Fcomments&post=24"}],"version-history":[{"count":10,"href":"https:\/\/u888v30.net\/index.php?rest_route=\/wp\/v2\/pages\/24\/revisions"}],"predecessor-version":[{"id":61,"href":"https:\/\/u888v30.net\/index.php?rest_route=\/wp\/v2\/pages\/24\/revisions\/61"}],"wp:featuredmedia":[{"embeddable":true,"href":"https:\/\/u888v30.net\/index.php?rest_route=\/wp\/v2\/media\/6"}],"wp:attachment":[{"href":"https:\/\/u888v30.net\/index.php?rest_route=%2Fwp%2Fv2%2Fmedia&parent=24"}],"curies":[{"name":"wp","href":"https:\/\/api.w.org\/{rel}","templated":true}]}}